{"id":460,"date":"2019-07-08T15:57:19","date_gmt":"2019-07-08T15:57:19","guid":{"rendered":"https:\/\/cervezas1906.es\/historias\/?page_id=460"},"modified":"2020-11-06T12:23:37","modified_gmt":"2020-11-06T12:23:37","slug":"inicio-julio-2019","status":"publish","type":"page","link":"https:\/\/cervezas1906.es\/historias\/","title":{"rendered":"Inicio Julio 2019"},"content":{"rendered":"<div  class=\"bloque-video portada-video\">\n    <div class=\"cover\" style=\"background-image: url(https:\/\/cervezas1906.es\/historias\/wp-content\/uploads\/2019\/07\/frame.jpg)\">\n        <img class=\"play\" src=\"https:\/\/cervezas1906.es\/historias\/wp-content\/themes\/historias\/images\/video\/play.png\" \/>\n        <img class=\"spinner\" src=\"https:\/\/cervezas1906.es\/historias\/wp-content\/themes\/historias\/images\/video\/spinner-circle.png\" \/>\n\n    <\/div>\n            <div class=\"container\">\n            <div class=\"texto_video_chachi\">\n\t\t        <h1><strong>Historias<\/strong><span>para una<\/span><strong>inmensa minor\u00eda<\/strong><\/h1>\n            <\/div>\n        <\/div>\n        <div class=\"video_chachi_wrap\">\n        <div id=\"video-KazJGv6xXTs\" class=\"player\" data-video=\"KazJGv6xXTs\"><\/div>\n    <\/div>\n<\/div>\n    <div class=\"portada-video\">\n        <div class=\"texto_video_chachi_mobile\">\n                <h1><strong>Historias<\/strong><span>para una<\/span><strong>inmensa minor\u00eda<\/strong><\/h1>\n        <\/div>\n    <\/div>\n\n\n\n<div class=\"wp-block-hacce-wrapper alignfull portada-cervezas\" style=\"background-image:url(https:\/\/cervezas1906.es\/historias\/wp-content\/uploads\/2019\/07\/Capa-13-copia.jpg)\"><div class=\"container\">\n<div class=\"wp-block-columns has-2-columns\">\n<div class=\"wp-block-column\">\n<p>Historias para una inmensa minor\u00eda es el momento exacto de la creaci\u00f3n. Es la uni\u00f3n de dos universos que se fusionan e inventan uno nuevo.<\/p>\n\n\n\n<p>Historias que salen de un barril, una cocina, un teatro<br> o un local de ensayo. Historias para una inmensa minor\u00eda es un proyecto de contenido en el que de la mano del poeta Benjam\u00edn Prado recorreremos territorios como la gastronom\u00eda, la m\u00fasica o el cine.<\/p>\n<\/div>\n\n\n\n<div class=\"wp-block-column\">\n<figure class=\"wp-block-image size-large\"><img loading=\"lazy\" width=\"320\" height=\"509\" src=\"https:\/\/cervezas1906.es\/historias\/wp-content\/uploads\/2020\/11\/1906_all.png\" alt=\"\" class=\"wp-image-694\" srcset=\"https:\/\/cervezas1906.es\/historias\/wp-content\/uploads\/2020\/11\/1906_all.png 320w, https:\/\/cervezas1906.es\/historias\/wp-content\/uploads\/2020\/11\/1906_all-189x300.png 189w\" sizes=\"(max-width: 320px) 100vw, 320px\" \/><\/figure>\n<\/div>\n<\/div>\n<\/div><\/div>\n\n\n\n<div class=\"wp-block-columns alignfull portada-personas\">\n<div class=\"wp-block-column\">\n<div class=\"wp-block-hacce-wrapper bloque-persona\" style=\"background-image:url(https:\/\/cervezas1906.es\/historias\/wp-content\/uploads\/2019\/10\/interior_rey.jpg)\"><div class=\"container\">\n<h2><a href=\"https:\/\/cervezas1906.es\/historias\/historias-con-javier-rey\/\">Historias con <strong>Javier Rey<\/strong><\/a><\/h2>\n<\/div><\/div>\n<\/div>\n\n\n\n<div class=\"wp-block-column\">\n<div class=\"wp-block-hacce-wrapper bloque-persona bloque-persona-titulo-grande\" style=\"background-image:url(https:\/\/cervezas1906.es\/historias\/wp-content\/uploads\/2019\/09\/DSC9812-1.jpg)\"><div class=\"container\">\n<h2><a href=\"\/historias\/historias-con-diego-amador-big-menu\/\">Historias con <strong>Diego Amador y Big Menu<\/strong><\/a><\/h2>\n<\/div><\/div>\n<\/div>\n<\/div>\n\n\n\n<div class=\"wp-block-columns alignfull portada-personas\">\n<div class=\"wp-block-column\">\n<div class=\"wp-block-hacce-wrapper bloque-persona\" style=\"background-image:url(https:\/\/cervezas1906.es\/historias\/wp-content\/uploads\/2019\/07\/foto_diego.jpg)\"><div class=\"container\">\n<h2><a href=\"https:\/\/cervezas1906.es\/historias\/historias-con-diego-guerrero\/\">Historias con Diego <strong>Guerrero<\/strong><\/a><\/h2>\n<\/div><\/div>\n<\/div>\n\n\n\n<div class=\"wp-block-column\">\n<div class=\"wp-block-hacce-wrapper bloque-persona\" style=\"background-image:url(https:\/\/cervezas1906.es\/historias\/wp-content\/uploads\/2019\/07\/Capa-21.jpg)\"><div class=\"container\">\n<h2><a href=\"\/historias\/1906-historias-con-joaquin-sabina\/\">Historias con Joaqu\u00edn <strong>Sabina<\/strong><\/a><\/h2>\n<\/div><\/div>\n<\/div>\n<\/div>\n","protected":false},"excerpt":{"rendered":"","protected":false},"author":1,"featured_media":0,"parent":0,"menu_order":0,"comment_status":"closed","ping_status":"closed","template":"page-fullwidth.php","meta":[],"yoast_head":"<!-- This site is optimized with the Yoast SEO plugin v17.1 - https:\/\/yoast.com\/wordpress\/plugins\/seo\/ -->\n<title>1906 Historias para una inmensa minor\u00eda, con Benjam\u00edn Prado<\/title>\n<meta name=\"description\" content=\"Historias para una inmensa minor\u00eda es el momento exacto de la creaci\u00f3n. Es la uni\u00f3n de dos universos que se fusionan e inventan uno nuevo.\" \/>\n<meta name=\"robots\" content=\"index, follow, max-snippet:-1, max-image-preview:large, max-video-preview:-1\" \/>\n<link rel=\"canonical\" href=\"https:\/\/cervezas1906.es\/historias\/\" \/>\n<meta property=\"og:locale\" content=\"es_ES\" \/>\n<meta property=\"og:type\" content=\"article\" \/>\n<meta property=\"og:title\" content=\"1906 Historias para una inmensa minor\u00eda, con Benjam\u00edn Prado\" \/>\n<meta property=\"og:description\" content=\"Historias para una inmensa minor\u00eda es el momento exacto de la creaci\u00f3n. Es la uni\u00f3n de dos universos que se fusionan e inventan uno nuevo.\" \/>\n<meta property=\"og:url\" content=\"https:\/\/cervezas1906.es\/historias\/\" \/>\n<meta property=\"og:site_name\" content=\"Historias\" \/>\n<meta property=\"article:modified_time\" content=\"2020-11-06T12:23:37+00:00\" \/>\n<meta property=\"og:image\" content=\"https:\/\/cervezas1906.es\/historias\/wp-content\/uploads\/2020\/11\/1906_all.png\" \/>\n<meta name=\"twitter:card\" content=\"summary_large_image\" \/>\n<script type=\"application\/ld+json\" class=\"yoast-schema-graph\">{\"@context\":\"https:\/\/schema.org\",\"@graph\":[{\"@type\":\"WebSite\",\"@id\":\"https:\/\/cervezas1906.es\/historias\/#website\",\"url\":\"https:\/\/cervezas1906.es\/historias\/\",\"name\":\"Historias\",\"description\":\"\",\"potentialAction\":[{\"@type\":\"SearchAction\",\"target\":{\"@type\":\"EntryPoint\",\"urlTemplate\":\"https:\/\/cervezas1906.es\/historias\/?s={search_term_string}\"},\"query-input\":\"required name=search_term_string\"}],\"inLanguage\":\"es\"},{\"@type\":\"ImageObject\",\"@id\":\"https:\/\/cervezas1906.es\/historias\/#primaryimage\",\"inLanguage\":\"es\",\"url\":\"https:\/\/cervezas1906.es\/historias\/wp-content\/uploads\/2020\/11\/1906_all.png\",\"contentUrl\":\"https:\/\/cervezas1906.es\/historias\/wp-content\/uploads\/2020\/11\/1906_all.png\",\"width\":320,\"height\":509},{\"@type\":\"WebPage\",\"@id\":\"https:\/\/cervezas1906.es\/historias\/#webpage\",\"url\":\"https:\/\/cervezas1906.es\/historias\/\",\"name\":\"1906 Historias para una inmensa minor\\u00eda, con Benjam\\u00edn Prado\",\"isPartOf\":{\"@id\":\"https:\/\/cervezas1906.es\/historias\/#website\"},\"primaryImageOfPage\":{\"@id\":\"https:\/\/cervezas1906.es\/historias\/#primaryimage\"},\"datePublished\":\"2019-07-08T15:57:19+00:00\",\"dateModified\":\"2020-11-06T12:23:37+00:00\",\"description\":\"Historias para una inmensa minor\\u00eda es el momento exacto de la creaci\\u00f3n. Es la uni\\u00f3n de dos universos que se fusionan e inventan uno nuevo.\",\"breadcrumb\":{\"@id\":\"https:\/\/cervezas1906.es\/historias\/#breadcrumb\"},\"inLanguage\":\"es\",\"potentialAction\":[{\"@type\":\"ReadAction\",\"target\":[\"https:\/\/cervezas1906.es\/historias\/\"]}]},{\"@type\":\"BreadcrumbList\",\"@id\":\"https:\/\/cervezas1906.es\/historias\/#breadcrumb\",\"itemListElement\":[{\"@type\":\"ListItem\",\"position\":1,\"name\":\"Portada\",\"item\":\"https:\/\/cervezas1906.es\/historias\/\"},{\"@type\":\"ListItem\",\"position\":2,\"name\":\"Inicio Julio 2019\"}]}]}<\/script>\n<!-- \/ Yoast SEO plugin. -->","yoast_head_json":{"title":"1906 Historias para una inmensa minor\u00eda, con Benjam\u00edn Prado","description":"Historias para una inmensa minor\u00eda es el momento exacto de la creaci\u00f3n. Es la uni\u00f3n de dos universos que se fusionan e inventan uno nuevo.","robots":{"index":"index","follow":"follow","max-snippet":"max-snippet:-1","max-image-preview":"max-image-preview:large","max-video-preview":"max-video-preview:-1"},"canonical":"https:\/\/cervezas1906.es\/historias\/","og_locale":"es_ES","og_type":"article","og_title":"1906 Historias para una inmensa minor\u00eda, con Benjam\u00edn Prado","og_description":"Historias para una inmensa minor\u00eda es el momento exacto de la creaci\u00f3n. Es la uni\u00f3n de dos universos que se fusionan e inventan uno nuevo.","og_url":"https:\/\/cervezas1906.es\/historias\/","og_site_name":"Historias","article_modified_time":"2020-11-06T12:23:37+00:00","og_image":[{"url":"https:\/\/cervezas1906.es\/historias\/wp-content\/uploads\/2020\/11\/1906_all.png"}],"twitter_card":"summary_large_image","schema":{"@context":"https:\/\/schema.org","@graph":[{"@type":"WebSite","@id":"https:\/\/cervezas1906.es\/historias\/#website","url":"https:\/\/cervezas1906.es\/historias\/","name":"Historias","description":"","potentialAction":[{"@type":"SearchAction","target":{"@type":"EntryPoint","urlTemplate":"https:\/\/cervezas1906.es\/historias\/?s={search_term_string}"},"query-input":"required name=search_term_string"}],"inLanguage":"es"},{"@type":"ImageObject","@id":"https:\/\/cervezas1906.es\/historias\/#primaryimage","inLanguage":"es","url":"https:\/\/cervezas1906.es\/historias\/wp-content\/uploads\/2020\/11\/1906_all.png","contentUrl":"https:\/\/cervezas1906.es\/historias\/wp-content\/uploads\/2020\/11\/1906_all.png","width":320,"height":509},{"@type":"WebPage","@id":"https:\/\/cervezas1906.es\/historias\/#webpage","url":"https:\/\/cervezas1906.es\/historias\/","name":"1906 Historias para una inmensa minor\u00eda, con Benjam\u00edn Prado","isPartOf":{"@id":"https:\/\/cervezas1906.es\/historias\/#website"},"primaryImageOfPage":{"@id":"https:\/\/cervezas1906.es\/historias\/#primaryimage"},"datePublished":"2019-07-08T15:57:19+00:00","dateModified":"2020-11-06T12:23:37+00:00","description":"Historias para una inmensa minor\u00eda es el momento exacto de la creaci\u00f3n. Es la uni\u00f3n de dos universos que se fusionan e inventan uno nuevo.","breadcrumb":{"@id":"https:\/\/cervezas1906.es\/historias\/#breadcrumb"},"inLanguage":"es","potentialAction":[{"@type":"ReadAction","target":["https:\/\/cervezas1906.es\/historias\/"]}]},{"@type":"BreadcrumbList","@id":"https:\/\/cervezas1906.es\/historias\/#breadcrumb","itemListElement":[{"@type":"ListItem","position":1,"name":"Portada","item":"https:\/\/cervezas1906.es\/historias\/"},{"@type":"ListItem","position":2,"name":"Inicio Julio 2019"}]}]}},"_links":{"self":[{"href":"https:\/\/cervezas1906.es\/historias\/wp-json\/wp\/v2\/pages\/460"}],"collection":[{"href":"https:\/\/cervezas1906.es\/historias\/wp-json\/wp\/v2\/pages"}],"about":[{"href":"https:\/\/cervezas1906.es\/historias\/wp-json\/wp\/v2\/types\/page"}],"author":[{"embeddable":true,"href":"https:\/\/cervezas1906.es\/historias\/wp-json\/wp\/v2\/users\/1"}],"replies":[{"embeddable":true,"href":"https:\/\/cervezas1906.es\/historias\/wp-json\/wp\/v2\/comments?post=460"}],"version-history":[{"count":38,"href":"https:\/\/cervezas1906.es\/historias\/wp-json\/wp\/v2\/pages\/460\/revisions"}],"predecessor-version":[{"id":695,"href":"https:\/\/cervezas1906.es\/historias\/wp-json\/wp\/v2\/pages\/460\/revisions\/695"}],"wp:attachment":[{"href":"https:\/\/cervezas1906.es\/historias\/wp-json\/wp\/v2\/media?parent=460"}],"curies":[{"name":"wp","href":"https:\/\/api.w.org\/{rel}","templated":true}]}}