{"id":488,"date":"2019-07-11T07:06:30","date_gmt":"2019-07-11T07:06:30","guid":{"rendered":"https:\/\/cervezas1906.es\/historias\/?page_id=488"},"modified":"2019-07-24T08:48:52","modified_gmt":"2019-07-24T08:48:52","slug":"historias-con-diego-guerrero","status":"publish","type":"page","link":"https:\/\/cervezas1906.es\/historias\/historias-con-diego-guerrero\/","title":{"rendered":"Historias con Diego Guerrero"},"content":{"rendered":"\n<div class=\"wp-block-hacce-wrapper alignfull seccion-diego-hero\" style=\"background-image:url(https:\/\/cervezas1906.es\/historias\/wp-content\/uploads\/2019\/07\/foto_diego_big.jpg)\"><div class=\"container\">\n<h1>Historias con Diego <strong>Guerrero<\/strong><\/h1>\n<\/div><\/div>\n\n\n\n<div class=\"wp-block-columns alignfull seccion-diego-intro\">\n<div class=\"wp-block-column\">\n<div class=\"wp-block-image logo\"><figure class=\"aligncenter size-large\"><img loading=\"lazy\" width=\"513\" height=\"186\" src=\"https:\/\/cervezas1906.es\/historias\/wp-content\/uploads\/2019\/07\/historias-1906.png\" alt=\"\" class=\"wp-image-491\" srcset=\"https:\/\/cervezas1906.es\/historias\/wp-content\/uploads\/2019\/07\/historias-1906.png 513w, https:\/\/cervezas1906.es\/historias\/wp-content\/uploads\/2019\/07\/historias-1906-300x109.png 300w\" sizes=\"(max-width: 513px) 100vw, 513px\" \/><\/figure><\/div>\n\n\n\n<p>Historias para una inmensa minor\u00eda es el momento exacto de la creaci\u00f3n. Es la uni\u00f3n de dos universos que se fusionan e inventan uno nuevo.<\/p>\n\n\n\n<p>Historias que salen de un barril, una cocina, un teatro o un local de ensayo. Historias para una inmensa minor\u00eda es un proyecto de contenido en el que de la mano del poeta Benjam\u00edn Prado recorreremos territorios como la gastronom\u00eda, la m\u00fasica o el cine.<\/p>\n<\/div>\n\n\n\n<div class=\"wp-block-column\"><div  class=\"bloque-video \">\n    <div class=\"cover\" style=\"background-image: url(https:\/\/cervezas1906.es\/historias\/wp-content\/uploads\/2019\/07\/1906-historias-diego.jpg)\">\n        <img class=\"play\" src=\"https:\/\/cervezas1906.es\/historias\/wp-content\/themes\/historias\/images\/video\/play.png\" \/>\n        <img class=\"spinner\" src=\"https:\/\/cervezas1906.es\/historias\/wp-content\/themes\/historias\/images\/video\/spinner-circle.png\" \/>\n\n    <\/div>\n        <div class=\"video_chachi_wrap\">\n        <div id=\"video-Y5ezoe5B1vI\" class=\"player\" data-video=\"Y5ezoe5B1vI\"><\/div>\n    <\/div>\n<\/div>\n<\/div>\n<\/div>\n\n\n<ul class=\"video-list\">\r\n            <li>\r\n            <a href=\"https:\/\/youtu.be\/DmruOKAEAWA\" data-vid=\"DmruOKAEAWA\" rel=\"nofollow\" target=\"_blank\" class=\"embed-responsive embed-responsive-16by9\">\r\n                <div class=\"imagen-loop-item \">\r\n                <img width=\"640\" height=\"359\" src=\"https:\/\/cervezas1906.es\/historias\/wp-content\/uploads\/2019\/07\/diego-guerrero-1-768x431.jpg\" class=\"embed-responsive-item\" alt=\"\" loading=\"lazy\" srcset=\"https:\/\/cervezas1906.es\/historias\/wp-content\/uploads\/2019\/07\/diego-guerrero-1-768x431.jpg 768w, https:\/\/cervezas1906.es\/historias\/wp-content\/uploads\/2019\/07\/diego-guerrero-1-300x168.jpg 300w, https:\/\/cervezas1906.es\/historias\/wp-content\/uploads\/2019\/07\/diego-guerrero-1-1024x575.jpg 1024w, https:\/\/cervezas1906.es\/historias\/wp-content\/uploads\/2019\/07\/diego-guerrero-1.jpg 1140w\" sizes=\"(max-width: 640px) 100vw, 640px\" \/>                    <div class=\"play_wrap\">\r\n                        <div class=\"titulo_sobre_video\">\r\n                            Historia 01                        <\/div>\r\n                        <img class=\"play\" src=\"https:\/\/cervezas1906.es\/historias\/wp-content\/themes\/historias\/images\/video\/play.png\" \/>\r\n\r\n                    <\/div>\r\n\r\n                <\/div>\r\n            <\/a>\r\n            <div class=\"titles\">\r\n                <h3>\u00abIdeas se te ocurren pocas; ocurrencias muchas\u00bb<\/h3>\r\n                <h4>Diego Guerrero y Benjam\u00edn Prado reflexionan sobre lo necesario que es el tiempo para crear y c\u00f3mo hay veces que hay que salir de la cocina en busca de buenas ideas para luego volver a ella.<\/h4>\r\n            <\/div>\r\n        <\/li>\r\n            <li>\r\n            <a href=\"https:\/\/youtu.be\/9A7mrivsxTk\" data-vid=\"9A7mrivsxTk\" rel=\"nofollow\" target=\"_blank\" class=\"embed-responsive embed-responsive-16by9\">\r\n                <div class=\"imagen-loop-item \">\r\n                <img width=\"640\" height=\"359\" src=\"https:\/\/cervezas1906.es\/historias\/wp-content\/uploads\/2019\/07\/diego-guerrero-video-2_001-768x431.jpg\" class=\"embed-responsive-item\" alt=\"\" loading=\"lazy\" srcset=\"https:\/\/cervezas1906.es\/historias\/wp-content\/uploads\/2019\/07\/diego-guerrero-video-2_001-768x431.jpg 768w, https:\/\/cervezas1906.es\/historias\/wp-content\/uploads\/2019\/07\/diego-guerrero-video-2_001-300x168.jpg 300w, https:\/\/cervezas1906.es\/historias\/wp-content\/uploads\/2019\/07\/diego-guerrero-video-2_001-1024x575.jpg 1024w, https:\/\/cervezas1906.es\/historias\/wp-content\/uploads\/2019\/07\/diego-guerrero-video-2_001.jpg 1142w\" sizes=\"(max-width: 640px) 100vw, 640px\" \/>                    <div class=\"play_wrap\">\r\n                        <div class=\"titulo_sobre_video\">\r\n                            Historia 02                        <\/div>\r\n                        <img class=\"play\" src=\"https:\/\/cervezas1906.es\/historias\/wp-content\/themes\/historias\/images\/video\/play.png\" \/>\r\n\r\n                    <\/div>\r\n\r\n                <\/div>\r\n            <\/a>\r\n            <div class=\"titles\">\r\n                <h3>\u00abEstoy enamorado del acto de cocinar\u00bb<\/h3>\r\n                <h4>Diego Guerrero nos habla de la liturgia de cocinar y d\u00f3nde busca inspiraci\u00f3n cuando se le acaban las ideas<\/h4>\r\n            <\/div>\r\n        <\/li>\r\n            <li>\r\n            <a href=\"https:\/\/youtu.be\/-olgMuFQxSg\" data-vid=\"-olgMuFQxSg\" rel=\"nofollow\" target=\"_blank\" class=\"embed-responsive embed-responsive-16by9\">\r\n                <div class=\"imagen-loop-item \">\r\n                <img width=\"640\" height=\"360\" src=\"https:\/\/cervezas1906.es\/historias\/wp-content\/uploads\/2019\/07\/diego-guerrero-3-768x432.jpg\" class=\"embed-responsive-item\" alt=\"\" loading=\"lazy\" srcset=\"https:\/\/cervezas1906.es\/historias\/wp-content\/uploads\/2019\/07\/diego-guerrero-3-768x432.jpg 768w, https:\/\/cervezas1906.es\/historias\/wp-content\/uploads\/2019\/07\/diego-guerrero-3-300x169.jpg 300w, https:\/\/cervezas1906.es\/historias\/wp-content\/uploads\/2019\/07\/diego-guerrero-3-1024x576.jpg 1024w, https:\/\/cervezas1906.es\/historias\/wp-content\/uploads\/2019\/07\/diego-guerrero-3.jpg 1141w\" sizes=\"(max-width: 640px) 100vw, 640px\" \/>                    <div class=\"play_wrap\">\r\n                        <div class=\"titulo_sobre_video\">\r\n                            Historia 03                        <\/div>\r\n                        <img class=\"play\" src=\"https:\/\/cervezas1906.es\/historias\/wp-content\/themes\/historias\/images\/video\/play.png\" \/>\r\n\r\n                    <\/div>\r\n\r\n                <\/div>\r\n            <\/a>\r\n            <div class=\"titles\">\r\n                <h3>\u00abHay que llegar a las emociones\u00bb<\/h3>\r\n                <h4>Los creadores, como Diego Guerrero y Benjam\u00edn Prado, nos dicen que su trabajo es sorprender; ofrecer algo distinto a lo que vemos, o\u00edmos, saboreamos todos los d\u00edas<\/h4>\r\n            <\/div>\r\n        <\/li>\r\n            <li>\r\n            <a href=\"https:\/\/youtu.be\/rkrkJDS835A\" data-vid=\"rkrkJDS835A\" rel=\"nofollow\" target=\"_blank\" class=\"embed-responsive embed-responsive-16by9\">\r\n                <div class=\"imagen-loop-item \">\r\n                <img width=\"640\" height=\"359\" src=\"https:\/\/cervezas1906.es\/historias\/wp-content\/uploads\/2019\/07\/diego-guerrero-4-768x431.jpg\" class=\"embed-responsive-item\" alt=\"\" loading=\"lazy\" srcset=\"https:\/\/cervezas1906.es\/historias\/wp-content\/uploads\/2019\/07\/diego-guerrero-4-768x431.jpg 768w, https:\/\/cervezas1906.es\/historias\/wp-content\/uploads\/2019\/07\/diego-guerrero-4-300x168.jpg 300w, https:\/\/cervezas1906.es\/historias\/wp-content\/uploads\/2019\/07\/diego-guerrero-4-1024x575.jpg 1024w, https:\/\/cervezas1906.es\/historias\/wp-content\/uploads\/2019\/07\/diego-guerrero-4.jpg 1142w\" sizes=\"(max-width: 640px) 100vw, 640px\" \/>                    <div class=\"play_wrap\">\r\n                        <div class=\"titulo_sobre_video\">\r\n                            Historia 04                        <\/div>\r\n                        <img class=\"play\" src=\"https:\/\/cervezas1906.es\/historias\/wp-content\/themes\/historias\/images\/video\/play.png\" \/>\r\n\r\n                    <\/div>\r\n\r\n                <\/div>\r\n            <\/a>\r\n            <div class=\"titles\">\r\n                <h3>\u201cBuscar algo distinto es un valor en s\u00ed\u201d <\/h3>\r\n                <h4>Diego aboga por buscar lo distinto y aut\u00e9ntico, y por salir de nuestra zona de confort en lo que a sabores se refiere.<\/h4>\r\n            <\/div>\r\n        <\/li>\r\n            <li>\r\n            <a href=\"https:\/\/youtu.be\/gXRjCWYuaLA\" data-vid=\"gXRjCWYuaLA\" rel=\"nofollow\" target=\"_blank\" class=\"embed-responsive embed-responsive-16by9\">\r\n                <div class=\"imagen-loop-item \">\r\n                <img width=\"640\" height=\"360\" src=\"https:\/\/cervezas1906.es\/historias\/wp-content\/uploads\/2019\/07\/diego-guerrero-4_001-768x432.jpg\" class=\"embed-responsive-item\" alt=\"\" loading=\"lazy\" srcset=\"https:\/\/cervezas1906.es\/historias\/wp-content\/uploads\/2019\/07\/diego-guerrero-4_001-768x432.jpg 768w, https:\/\/cervezas1906.es\/historias\/wp-content\/uploads\/2019\/07\/diego-guerrero-4_001-300x169.jpg 300w, https:\/\/cervezas1906.es\/historias\/wp-content\/uploads\/2019\/07\/diego-guerrero-4_001-1024x576.jpg 1024w, https:\/\/cervezas1906.es\/historias\/wp-content\/uploads\/2019\/07\/diego-guerrero-4_001.jpg 1140w\" sizes=\"(max-width: 640px) 100vw, 640px\" \/>                    <div class=\"play_wrap\">\r\n                        <div class=\"titulo_sobre_video\">\r\n                            Historia 05                        <\/div>\r\n                        <img class=\"play\" src=\"https:\/\/cervezas1906.es\/historias\/wp-content\/themes\/historias\/images\/video\/play.png\" \/>\r\n\r\n                    <\/div>\r\n\r\n                <\/div>\r\n            <\/a>\r\n            <div class=\"titles\">\r\n                <h3>\u201cInmensa Minor\u00eda son los que quieren ver algo m\u00e1s all\u00e1\u201d      <\/h3>\r\n                <h4>Descubre c\u00f3mo para el chef lo m\u00e1s estimulante son las personas que se quieren dejar conmover.<\/h4>\r\n            <\/div>\r\n        <\/li>\r\n    <\/ul>","protected":false},"excerpt":{"rendered":"<p>Historias para una inmensa minor\u00eda es el momento exacto de la creaci\u00f3n. Es la uni\u00f3n de dos universos que se fusionan e inventan uno nuevo. Historias que salen de un barril, una cocina, un teatro o un local de ensayo. Historias para una inmensa minor\u00eda es un proyecto de contenido en el que de la [&hellip;]<\/p>\n","protected":false},"author":1,"featured_media":0,"parent":0,"menu_order":0,"comment_status":"closed","ping_status":"closed","template":"page-fullwidth.php","meta":[],"yoast_head":"<!-- This site is optimized with the Yoast SEO plugin v17.1 - https:\/\/yoast.com\/wordpress\/plugins\/seo\/ -->\n<title>Historias con Diego Guerrero - Historias<\/title>\n<meta name=\"robots\" content=\"index, follow, max-snippet:-1, max-image-preview:large, max-video-preview:-1\" \/>\n<link rel=\"canonical\" href=\"https:\/\/cervezas1906.es\/historias\/historias-con-diego-guerrero\/\" \/>\n<meta property=\"og:locale\" content=\"es_ES\" \/>\n<meta property=\"og:type\" content=\"article\" \/>\n<meta property=\"og:title\" content=\"Historias con Diego Guerrero - Historias\" \/>\n<meta property=\"og:description\" content=\"Historias para una inmensa minor\u00eda es el momento exacto de la creaci\u00f3n. Es la uni\u00f3n de dos universos que se fusionan e inventan uno nuevo. Historias que salen de un barril, una cocina, un teatro o un local de ensayo. Historias para una inmensa minor\u00eda es un proyecto de contenido en el que de la [&hellip;]\" \/>\n<meta property=\"og:url\" content=\"https:\/\/cervezas1906.es\/historias\/historias-con-diego-guerrero\/\" \/>\n<meta property=\"og:site_name\" content=\"Historias\" \/>\n<meta property=\"article:modified_time\" content=\"2019-07-24T08:48:52+00:00\" \/>\n<meta property=\"og:image\" content=\"https:\/\/cervezas1906.es\/historias\/wp-content\/uploads\/2019\/07\/historias-1906.png\" \/>\n<meta name=\"twitter:card\" content=\"summary_large_image\" \/>\n<script type=\"application\/ld+json\" class=\"yoast-schema-graph\">{\"@context\":\"https:\/\/schema.org\",\"@graph\":[{\"@type\":\"WebSite\",\"@id\":\"https:\/\/cervezas1906.es\/historias\/#website\",\"url\":\"https:\/\/cervezas1906.es\/historias\/\",\"name\":\"Historias\",\"description\":\"\",\"potentialAction\":[{\"@type\":\"SearchAction\",\"target\":{\"@type\":\"EntryPoint\",\"urlTemplate\":\"https:\/\/cervezas1906.es\/historias\/?s={search_term_string}\"},\"query-input\":\"required name=search_term_string\"}],\"inLanguage\":\"es\"},{\"@type\":\"ImageObject\",\"@id\":\"https:\/\/cervezas1906.es\/historias\/historias-con-diego-guerrero\/#primaryimage\",\"inLanguage\":\"es\",\"url\":\"https:\/\/cervezas1906.es\/historias\/wp-content\/uploads\/2019\/07\/historias-1906.png\",\"contentUrl\":\"https:\/\/cervezas1906.es\/historias\/wp-content\/uploads\/2019\/07\/historias-1906.png\",\"width\":513,\"height\":186},{\"@type\":\"WebPage\",\"@id\":\"https:\/\/cervezas1906.es\/historias\/historias-con-diego-guerrero\/#webpage\",\"url\":\"https:\/\/cervezas1906.es\/historias\/historias-con-diego-guerrero\/\",\"name\":\"Historias con Diego Guerrero - Historias\",\"isPartOf\":{\"@id\":\"https:\/\/cervezas1906.es\/historias\/#website\"},\"primaryImageOfPage\":{\"@id\":\"https:\/\/cervezas1906.es\/historias\/historias-con-diego-guerrero\/#primaryimage\"},\"datePublished\":\"2019-07-11T07:06:30+00:00\",\"dateModified\":\"2019-07-24T08:48:52+00:00\",\"breadcrumb\":{\"@id\":\"https:\/\/cervezas1906.es\/historias\/historias-con-diego-guerrero\/#breadcrumb\"},\"inLanguage\":\"es\",\"potentialAction\":[{\"@type\":\"ReadAction\",\"target\":[\"https:\/\/cervezas1906.es\/historias\/historias-con-diego-guerrero\/\"]}]},{\"@type\":\"BreadcrumbList\",\"@id\":\"https:\/\/cervezas1906.es\/historias\/historias-con-diego-guerrero\/#breadcrumb\",\"itemListElement\":[{\"@type\":\"ListItem\",\"position\":1,\"name\":\"Portada\",\"item\":\"https:\/\/cervezas1906.es\/historias\/\"},{\"@type\":\"ListItem\",\"position\":2,\"name\":\"Historias con Diego Guerrero\"}]}]}<\/script>\n<!-- \/ Yoast SEO plugin. -->","yoast_head_json":{"title":"Historias con Diego Guerrero - Historias","robots":{"index":"index","follow":"follow","max-snippet":"max-snippet:-1","max-image-preview":"max-image-preview:large","max-video-preview":"max-video-preview:-1"},"canonical":"https:\/\/cervezas1906.es\/historias\/historias-con-diego-guerrero\/","og_locale":"es_ES","og_type":"article","og_title":"Historias con Diego Guerrero - Historias","og_description":"Historias para una inmensa minor\u00eda es el momento exacto de la creaci\u00f3n. Es la uni\u00f3n de dos universos que se fusionan e inventan uno nuevo. Historias que salen de un barril, una cocina, un teatro o un local de ensayo. Historias para una inmensa minor\u00eda es un proyecto de contenido en el que de la [&hellip;]","og_url":"https:\/\/cervezas1906.es\/historias\/historias-con-diego-guerrero\/","og_site_name":"Historias","article_modified_time":"2019-07-24T08:48:52+00:00","og_image":[{"url":"https:\/\/cervezas1906.es\/historias\/wp-content\/uploads\/2019\/07\/historias-1906.png"}],"twitter_card":"summary_large_image","schema":{"@context":"https:\/\/schema.org","@graph":[{"@type":"WebSite","@id":"https:\/\/cervezas1906.es\/historias\/#website","url":"https:\/\/cervezas1906.es\/historias\/","name":"Historias","description":"","potentialAction":[{"@type":"SearchAction","target":{"@type":"EntryPoint","urlTemplate":"https:\/\/cervezas1906.es\/historias\/?s={search_term_string}"},"query-input":"required name=search_term_string"}],"inLanguage":"es"},{"@type":"ImageObject","@id":"https:\/\/cervezas1906.es\/historias\/historias-con-diego-guerrero\/#primaryimage","inLanguage":"es","url":"https:\/\/cervezas1906.es\/historias\/wp-content\/uploads\/2019\/07\/historias-1906.png","contentUrl":"https:\/\/cervezas1906.es\/historias\/wp-content\/uploads\/2019\/07\/historias-1906.png","width":513,"height":186},{"@type":"WebPage","@id":"https:\/\/cervezas1906.es\/historias\/historias-con-diego-guerrero\/#webpage","url":"https:\/\/cervezas1906.es\/historias\/historias-con-diego-guerrero\/","name":"Historias con Diego Guerrero - Historias","isPartOf":{"@id":"https:\/\/cervezas1906.es\/historias\/#website"},"primaryImageOfPage":{"@id":"https:\/\/cervezas1906.es\/historias\/historias-con-diego-guerrero\/#primaryimage"},"datePublished":"2019-07-11T07:06:30+00:00","dateModified":"2019-07-24T08:48:52+00:00","breadcrumb":{"@id":"https:\/\/cervezas1906.es\/historias\/historias-con-diego-guerrero\/#breadcrumb"},"inLanguage":"es","potentialAction":[{"@type":"ReadAction","target":["https:\/\/cervezas1906.es\/historias\/historias-con-diego-guerrero\/"]}]},{"@type":"BreadcrumbList","@id":"https:\/\/cervezas1906.es\/historias\/historias-con-diego-guerrero\/#breadcrumb","itemListElement":[{"@type":"ListItem","position":1,"name":"Portada","item":"https:\/\/cervezas1906.es\/historias\/"},{"@type":"ListItem","position":2,"name":"Historias con Diego Guerrero"}]}]}},"_links":{"self":[{"href":"https:\/\/cervezas1906.es\/historias\/wp-json\/wp\/v2\/pages\/488"}],"collection":[{"href":"https:\/\/cervezas1906.es\/historias\/wp-json\/wp\/v2\/pages"}],"about":[{"href":"https:\/\/cervezas1906.es\/historias\/wp-json\/wp\/v2\/types\/page"}],"author":[{"embeddable":true,"href":"https:\/\/cervezas1906.es\/historias\/wp-json\/wp\/v2\/users\/1"}],"replies":[{"embeddable":true,"href":"https:\/\/cervezas1906.es\/historias\/wp-json\/wp\/v2\/comments?post=488"}],"version-history":[{"count":65,"href":"https:\/\/cervezas1906.es\/historias\/wp-json\/wp\/v2\/pages\/488\/revisions"}],"predecessor-version":[{"id":583,"href":"https:\/\/cervezas1906.es\/historias\/wp-json\/wp\/v2\/pages\/488\/revisions\/583"}],"wp:attachment":[{"href":"https:\/\/cervezas1906.es\/historias\/wp-json\/wp\/v2\/media?parent=488"}],"curies":[{"name":"wp","href":"https:\/\/api.w.org\/{rel}","templated":true}]}}