{"id":586,"date":"2019-09-24T11:02:31","date_gmt":"2019-09-24T11:02:31","guid":{"rendered":"https:\/\/cervezas1906.es\/historias\/?page_id=586"},"modified":"2019-09-24T15:00:39","modified_gmt":"2019-09-24T15:00:39","slug":"historias-con-diego-amador-big-menu","status":"publish","type":"page","link":"https:\/\/cervezas1906.es\/historias\/historias-con-diego-amador-big-menu\/","title":{"rendered":"Historias con Diego Amador &#038; Big Menu"},"content":{"rendered":"\n<div class=\"wp-block-hacce-wrapper alignfull seccion-diego-hero\" style=\"background-image:url(https:\/\/cervezas1906.es\/historias\/wp-content\/uploads\/2019\/09\/DSC9812.jpg)\"><div class=\"container\">\n<h1>Historias con <strong>Diego Amador y Big Menu<\/strong><\/h1>\n<\/div><\/div>\n\n\n\n<div class=\"wp-block-columns alignfull seccion-diego-intro\">\n<div class=\"wp-block-column\">\n<div class=\"wp-block-image logo\"><figure class=\"aligncenter size-large\"><img loading=\"lazy\" width=\"513\" height=\"186\" src=\"https:\/\/cervezas1906.es\/historias\/wp-content\/uploads\/2019\/07\/historias-1906.png\" alt=\"\" class=\"wp-image-491\" srcset=\"https:\/\/cervezas1906.es\/historias\/wp-content\/uploads\/2019\/07\/historias-1906.png 513w, https:\/\/cervezas1906.es\/historias\/wp-content\/uploads\/2019\/07\/historias-1906-300x109.png 300w\" sizes=\"(max-width: 513px) 100vw, 513px\" \/><\/figure><\/div>\n\n\n\n<p>Juntamos a Diego Amador, Big Menu y Benjam\u00edn Prado en una sala de ensayo, les abrimos unas Cervezas 1906, y los dejamos solos durante unas horas. El resultado es la uni\u00f3n de esos tres mundos en una canci\u00f3n fusi\u00f3n de flamenco y hip hop, que presentamos en la sala Lemon Rock de Granada y que forma parte de nuestras \u201cHistorias para una inmensa minor\u00eda\u201d.<\/p>\n\n\n\n<p><\/p>\n<\/div>\n\n\n\n<div class=\"wp-block-column\"><div  class=\"bloque-video \">\n    <div class=\"cover\" style=\"background-image: url(https:\/\/cervezas1906.es\/historias\/wp-content\/uploads\/2019\/09\/maxresdefault.jpg)\">\n        <img class=\"play\" src=\"https:\/\/cervezas1906.es\/historias\/wp-content\/themes\/historias\/images\/video\/play.png\" \/>\n        <img class=\"spinner\" src=\"https:\/\/cervezas1906.es\/historias\/wp-content\/themes\/historias\/images\/video\/spinner-circle.png\" \/>\n\n    <\/div>\n        <div class=\"video_chachi_wrap\">\n        <div id=\"video-9jfwhBgWlXg\" class=\"player\" data-video=\"9jfwhBgWlXg\"><\/div>\n    <\/div>\n<\/div>\n<\/div>\n<\/div>\n\n\n<ul class=\"video-list\">\r\n    <\/ul>","protected":false},"excerpt":{"rendered":"<p>Juntamos a Diego Amador, Big Menu y Benjam\u00edn Prado en una sala de ensayo, les abrimos unas Cervezas 1906, y los dejamos solos durante unas horas. El resultado es la uni\u00f3n de esos tres mundos en una canci\u00f3n fusi\u00f3n de flamenco y hip hop, que presentamos en la sala Lemon Rock de Granada y que [&hellip;]<\/p>\n","protected":false},"author":1,"featured_media":0,"parent":0,"menu_order":0,"comment_status":"closed","ping_status":"closed","template":"page-fullwidth.php","meta":[],"yoast_head":"<!-- This site is optimized with the Yoast SEO plugin v17.1 - https:\/\/yoast.com\/wordpress\/plugins\/seo\/ -->\n<title>Historias con Diego Amador &amp; Big Menu - Historias<\/title>\n<meta name=\"robots\" content=\"index, follow, max-snippet:-1, max-image-preview:large, max-video-preview:-1\" \/>\n<link rel=\"canonical\" href=\"https:\/\/cervezas1906.es\/historias\/historias-con-diego-amador-big-menu\/\" \/>\n<meta property=\"og:locale\" content=\"es_ES\" \/>\n<meta property=\"og:type\" content=\"article\" \/>\n<meta property=\"og:title\" content=\"Historias con Diego Amador &amp; Big Menu - Historias\" \/>\n<meta property=\"og:description\" content=\"Juntamos a Diego Amador, Big Menu y Benjam\u00edn Prado en una sala de ensayo, les abrimos unas Cervezas 1906, y los dejamos solos durante unas horas. El resultado es la uni\u00f3n de esos tres mundos en una canci\u00f3n fusi\u00f3n de flamenco y hip hop, que presentamos en la sala Lemon Rock de Granada y que [&hellip;]\" \/>\n<meta property=\"og:url\" content=\"https:\/\/cervezas1906.es\/historias\/historias-con-diego-amador-big-menu\/\" \/>\n<meta property=\"og:site_name\" content=\"Historias\" \/>\n<meta property=\"article:modified_time\" content=\"2019-09-24T15:00:39+00:00\" \/>\n<meta property=\"og:image\" content=\"https:\/\/cervezas1906.es\/historias\/wp-content\/uploads\/2019\/07\/historias-1906.png\" \/>\n<meta name=\"twitter:card\" content=\"summary_large_image\" \/>\n<script type=\"application\/ld+json\" class=\"yoast-schema-graph\">{\"@context\":\"https:\/\/schema.org\",\"@graph\":[{\"@type\":\"WebSite\",\"@id\":\"https:\/\/cervezas1906.es\/historias\/#website\",\"url\":\"https:\/\/cervezas1906.es\/historias\/\",\"name\":\"Historias\",\"description\":\"\",\"potentialAction\":[{\"@type\":\"SearchAction\",\"target\":{\"@type\":\"EntryPoint\",\"urlTemplate\":\"https:\/\/cervezas1906.es\/historias\/?s={search_term_string}\"},\"query-input\":\"required name=search_term_string\"}],\"inLanguage\":\"es\"},{\"@type\":\"ImageObject\",\"@id\":\"https:\/\/cervezas1906.es\/historias\/historias-con-diego-amador-big-menu\/#primaryimage\",\"inLanguage\":\"es\",\"url\":\"https:\/\/cervezas1906.es\/historias\/wp-content\/uploads\/2019\/07\/historias-1906.png\",\"contentUrl\":\"https:\/\/cervezas1906.es\/historias\/wp-content\/uploads\/2019\/07\/historias-1906.png\",\"width\":513,\"height\":186},{\"@type\":\"WebPage\",\"@id\":\"https:\/\/cervezas1906.es\/historias\/historias-con-diego-amador-big-menu\/#webpage\",\"url\":\"https:\/\/cervezas1906.es\/historias\/historias-con-diego-amador-big-menu\/\",\"name\":\"Historias con Diego Amador & Big Menu - Historias\",\"isPartOf\":{\"@id\":\"https:\/\/cervezas1906.es\/historias\/#website\"},\"primaryImageOfPage\":{\"@id\":\"https:\/\/cervezas1906.es\/historias\/historias-con-diego-amador-big-menu\/#primaryimage\"},\"datePublished\":\"2019-09-24T11:02:31+00:00\",\"dateModified\":\"2019-09-24T15:00:39+00:00\",\"breadcrumb\":{\"@id\":\"https:\/\/cervezas1906.es\/historias\/historias-con-diego-amador-big-menu\/#breadcrumb\"},\"inLanguage\":\"es\",\"potentialAction\":[{\"@type\":\"ReadAction\",\"target\":[\"https:\/\/cervezas1906.es\/historias\/historias-con-diego-amador-big-menu\/\"]}]},{\"@type\":\"BreadcrumbList\",\"@id\":\"https:\/\/cervezas1906.es\/historias\/historias-con-diego-amador-big-menu\/#breadcrumb\",\"itemListElement\":[{\"@type\":\"ListItem\",\"position\":1,\"name\":\"Portada\",\"item\":\"https:\/\/cervezas1906.es\/historias\/\"},{\"@type\":\"ListItem\",\"position\":2,\"name\":\"Historias con Diego Amador &#038; Big Menu\"}]}]}<\/script>\n<!-- \/ Yoast SEO plugin. -->","yoast_head_json":{"title":"Historias con Diego Amador & Big Menu - Historias","robots":{"index":"index","follow":"follow","max-snippet":"max-snippet:-1","max-image-preview":"max-image-preview:large","max-video-preview":"max-video-preview:-1"},"canonical":"https:\/\/cervezas1906.es\/historias\/historias-con-diego-amador-big-menu\/","og_locale":"es_ES","og_type":"article","og_title":"Historias con Diego Amador & Big Menu - Historias","og_description":"Juntamos a Diego Amador, Big Menu y Benjam\u00edn Prado en una sala de ensayo, les abrimos unas Cervezas 1906, y los dejamos solos durante unas horas. El resultado es la uni\u00f3n de esos tres mundos en una canci\u00f3n fusi\u00f3n de flamenco y hip hop, que presentamos en la sala Lemon Rock de Granada y que [&hellip;]","og_url":"https:\/\/cervezas1906.es\/historias\/historias-con-diego-amador-big-menu\/","og_site_name":"Historias","article_modified_time":"2019-09-24T15:00:39+00:00","og_image":[{"url":"https:\/\/cervezas1906.es\/historias\/wp-content\/uploads\/2019\/07\/historias-1906.png"}],"twitter_card":"summary_large_image","schema":{"@context":"https:\/\/schema.org","@graph":[{"@type":"WebSite","@id":"https:\/\/cervezas1906.es\/historias\/#website","url":"https:\/\/cervezas1906.es\/historias\/","name":"Historias","description":"","potentialAction":[{"@type":"SearchAction","target":{"@type":"EntryPoint","urlTemplate":"https:\/\/cervezas1906.es\/historias\/?s={search_term_string}"},"query-input":"required name=search_term_string"}],"inLanguage":"es"},{"@type":"ImageObject","@id":"https:\/\/cervezas1906.es\/historias\/historias-con-diego-amador-big-menu\/#primaryimage","inLanguage":"es","url":"https:\/\/cervezas1906.es\/historias\/wp-content\/uploads\/2019\/07\/historias-1906.png","contentUrl":"https:\/\/cervezas1906.es\/historias\/wp-content\/uploads\/2019\/07\/historias-1906.png","width":513,"height":186},{"@type":"WebPage","@id":"https:\/\/cervezas1906.es\/historias\/historias-con-diego-amador-big-menu\/#webpage","url":"https:\/\/cervezas1906.es\/historias\/historias-con-diego-amador-big-menu\/","name":"Historias con Diego Amador & Big Menu - Historias","isPartOf":{"@id":"https:\/\/cervezas1906.es\/historias\/#website"},"primaryImageOfPage":{"@id":"https:\/\/cervezas1906.es\/historias\/historias-con-diego-amador-big-menu\/#primaryimage"},"datePublished":"2019-09-24T11:02:31+00:00","dateModified":"2019-09-24T15:00:39+00:00","breadcrumb":{"@id":"https:\/\/cervezas1906.es\/historias\/historias-con-diego-amador-big-menu\/#breadcrumb"},"inLanguage":"es","potentialAction":[{"@type":"ReadAction","target":["https:\/\/cervezas1906.es\/historias\/historias-con-diego-amador-big-menu\/"]}]},{"@type":"BreadcrumbList","@id":"https:\/\/cervezas1906.es\/historias\/historias-con-diego-amador-big-menu\/#breadcrumb","itemListElement":[{"@type":"ListItem","position":1,"name":"Portada","item":"https:\/\/cervezas1906.es\/historias\/"},{"@type":"ListItem","position":2,"name":"Historias con Diego Amador &#038; Big Menu"}]}]}},"_links":{"self":[{"href":"https:\/\/cervezas1906.es\/historias\/wp-json\/wp\/v2\/pages\/586"}],"collection":[{"href":"https:\/\/cervezas1906.es\/historias\/wp-json\/wp\/v2\/pages"}],"about":[{"href":"https:\/\/cervezas1906.es\/historias\/wp-json\/wp\/v2\/types\/page"}],"author":[{"embeddable":true,"href":"https:\/\/cervezas1906.es\/historias\/wp-json\/wp\/v2\/users\/1"}],"replies":[{"embeddable":true,"href":"https:\/\/cervezas1906.es\/historias\/wp-json\/wp\/v2\/comments?post=586"}],"version-history":[{"count":14,"href":"https:\/\/cervezas1906.es\/historias\/wp-json\/wp\/v2\/pages\/586\/revisions"}],"predecessor-version":[{"id":627,"href":"https:\/\/cervezas1906.es\/historias\/wp-json\/wp\/v2\/pages\/586\/revisions\/627"}],"wp:attachment":[{"href":"https:\/\/cervezas1906.es\/historias\/wp-json\/wp\/v2\/media?parent=586"}],"curies":[{"name":"wp","href":"https:\/\/api.w.org\/{rel}","templated":true}]}}