{"id":621,"date":"2021-06-14T18:15:54","date_gmt":"2021-06-14T16:15:54","guid":{"rendered":"https:\/\/cervezas1906.es\/imperfectxs\/?page_id=621"},"modified":"2023-06-27T09:27:31","modified_gmt":"2023-06-27T07:27:31","slug":"politica-de-cookies","status":"publish","type":"page","link":"https:\/\/cervezas1906.es\/imperfectxs\/politica-de-cookies\/","title":{"rendered":"Pol\u00edtica de cookies"},"content":{"rendered":"\n<div class=\"wp-block-hacce-wrapper\"><div class=\"container\">\n<p>Una cookie es un fichero que se descarga en el dispositivo del usuario al acceder a determinadas p\u00e1ginas web para almacenar y recuperar informaci\u00f3n<br>sobre la navegaci\u00f3n que se efect\u00faa desde dicho equipo.<\/p>\n\n\n\n<p>En este sitio web se utilizan las siguientes cookies que se detallan a<br>continuaci\u00f3n:<\/p>\n\n\n\n<script id=\"CookieDeclaration\" src=\"https:\/\/consent.cookiebot.com\/25215cf9-3a74-42a6-9c67-af6631bf378f\/cd.js\" type=\"text\/javascript\" async><\/script>\n\n\n\n<p>Para desactivar el uso de las cookies o modificar su configuraci\u00f3n debe acceder a la configuraci\u00f3n de su navegador web. Adjuntamos, a modo informativo, link a la documentaci\u00f3n de los navegadores m\u00e1s frecuentemente utilizados. Los datos de navegaci\u00f3n de Google Analytics se conservar\u00e1n manteniendo el hist\u00f3rico.<\/p>\n\n\n\n<ul class=\"wp-block-list\">\n<li>Internet Explorer: Pinchando <a href=\"https:\/\/support.microsoft.com\/es-es\/help\/4468242\/microsoft-edge-browsing-data-and-privacy-microsoft-privacy\">aqu\u00ed<\/a><\/li>\n\n\n\n<li>Chrome: Pinchando&nbsp;<a href=\"https:\/\/support.google.com\/chrome\/answer\/95647?hl=es\">aqu\u00ed<\/a><\/li>\n\n\n\n<li>Mozilla Firefox: Pinchando&nbsp;<a href=\"https:\/\/support.mozilla.org\/es\/kb\/habilitar-y-deshabilitar-cookies-sitios-web-rastrear-preferencias\">aqu\u00ed<\/a><\/li>\n\n\n\n<li>Apple Safari: Pinchando&nbsp;<a href=\"https:\/\/support.apple.com\/es-es\/guide\/safari\/sfri11471\/mac\">aqu\u00ed<\/a><\/li>\n<\/ul>\n<\/div><\/div>\n","protected":false},"excerpt":{"rendered":"","protected":false},"author":1,"featured_media":0,"parent":0,"menu_order":0,"comment_status":"closed","ping_status":"closed","template":"","meta":{"inline_featured_image":false,"footnotes":""},"class_list":["post-621","page","type-page","status-publish","hentry"],"yoast_head":"<!-- This site is optimized with the Yoast SEO plugin v24.4 - https:\/\/yoast.com\/wordpress\/plugins\/seo\/ -->\n<title>Pol\u00edtica de cookies - Imperfectxs<\/title>\n<meta name=\"robots\" content=\"noindex, nofollow\" \/>\n<meta property=\"og:locale\" content=\"es_ES\" \/>\n<meta property=\"og:type\" content=\"article\" \/>\n<meta property=\"og:title\" content=\"Pol\u00edtica de cookies - Imperfectxs\" \/>\n<meta property=\"og:url\" content=\"https:\/\/cervezas1906.es\/imperfectxs\/politica-de-cookies\/\" \/>\n<meta property=\"og:site_name\" content=\"Imperfectxs\" \/>\n<meta property=\"article:modified_time\" content=\"2023-06-27T07:27:31+00:00\" \/>\n<meta name=\"twitter:card\" content=\"summary_large_image\" \/>\n<meta name=\"twitter:label1\" content=\"Tiempo de lectura\" \/>\n\t<meta name=\"twitter:data1\" content=\"1 minuto\" \/>\n<script type=\"application\/ld+json\" class=\"yoast-schema-graph\">{\"@context\":\"https:\/\/schema.org\",\"@graph\":[{\"@type\":\"WebPage\",\"@id\":\"https:\/\/cervezas1906.es\/imperfectxs\/politica-de-cookies\/\",\"url\":\"https:\/\/cervezas1906.es\/imperfectxs\/politica-de-cookies\/\",\"name\":\"Pol\u00edtica de cookies - Imperfectxs\",\"isPartOf\":{\"@id\":\"https:\/\/cervezas1906.es\/imperfectxs\/#website\"},\"datePublished\":\"2021-06-14T16:15:54+00:00\",\"dateModified\":\"2023-06-27T07:27:31+00:00\",\"breadcrumb\":{\"@id\":\"https:\/\/cervezas1906.es\/imperfectxs\/politica-de-cookies\/#breadcrumb\"},\"inLanguage\":\"es\",\"potentialAction\":[{\"@type\":\"ReadAction\",\"target\":[\"https:\/\/cervezas1906.es\/imperfectxs\/politica-de-cookies\/\"]}]},{\"@type\":\"BreadcrumbList\",\"@id\":\"https:\/\/cervezas1906.es\/imperfectxs\/politica-de-cookies\/#breadcrumb\",\"itemListElement\":[{\"@type\":\"ListItem\",\"position\":1,\"name\":\"Portada\",\"item\":\"https:\/\/cervezas1906.es\/imperfectxs\/\"},{\"@type\":\"ListItem\",\"position\":2,\"name\":\"Pol\u00edtica de cookies\"}]},{\"@type\":\"WebSite\",\"@id\":\"https:\/\/cervezas1906.es\/imperfectxs\/#website\",\"url\":\"https:\/\/cervezas1906.es\/imperfectxs\/\",\"name\":\"Imperfectxs\",\"description\":\"\",\"potentialAction\":[{\"@type\":\"SearchAction\",\"target\":{\"@type\":\"EntryPoint\",\"urlTemplate\":\"https:\/\/cervezas1906.es\/imperfectxs\/?s={search_term_string}\"},\"query-input\":{\"@type\":\"PropertyValueSpecification\",\"valueRequired\":true,\"valueName\":\"search_term_string\"}}],\"inLanguage\":\"es\"}]}<\/script>\n<!-- \/ Yoast SEO plugin. -->","yoast_head_json":{"title":"Pol\u00edtica de cookies - Imperfectxs","robots":{"index":"noindex","follow":"nofollow"},"og_locale":"es_ES","og_type":"article","og_title":"Pol\u00edtica de cookies - Imperfectxs","og_url":"https:\/\/cervezas1906.es\/imperfectxs\/politica-de-cookies\/","og_site_name":"Imperfectxs","article_modified_time":"2023-06-27T07:27:31+00:00","twitter_card":"summary_large_image","twitter_misc":{"Tiempo de lectura":"1 minuto"},"schema":{"@context":"https:\/\/schema.org","@graph":[{"@type":"WebPage","@id":"https:\/\/cervezas1906.es\/imperfectxs\/politica-de-cookies\/","url":"https:\/\/cervezas1906.es\/imperfectxs\/politica-de-cookies\/","name":"Pol\u00edtica de cookies - Imperfectxs","isPartOf":{"@id":"https:\/\/cervezas1906.es\/imperfectxs\/#website"},"datePublished":"2021-06-14T16:15:54+00:00","dateModified":"2023-06-27T07:27:31+00:00","breadcrumb":{"@id":"https:\/\/cervezas1906.es\/imperfectxs\/politica-de-cookies\/#breadcrumb"},"inLanguage":"es","potentialAction":[{"@type":"ReadAction","target":["https:\/\/cervezas1906.es\/imperfectxs\/politica-de-cookies\/"]}]},{"@type":"BreadcrumbList","@id":"https:\/\/cervezas1906.es\/imperfectxs\/politica-de-cookies\/#breadcrumb","itemListElement":[{"@type":"ListItem","position":1,"name":"Portada","item":"https:\/\/cervezas1906.es\/imperfectxs\/"},{"@type":"ListItem","position":2,"name":"Pol\u00edtica de cookies"}]},{"@type":"WebSite","@id":"https:\/\/cervezas1906.es\/imperfectxs\/#website","url":"https:\/\/cervezas1906.es\/imperfectxs\/","name":"Imperfectxs","description":"","potentialAction":[{"@type":"SearchAction","target":{"@type":"EntryPoint","urlTemplate":"https:\/\/cervezas1906.es\/imperfectxs\/?s={search_term_string}"},"query-input":{"@type":"PropertyValueSpecification","valueRequired":true,"valueName":"search_term_string"}}],"inLanguage":"es"}]}},"_links":{"self":[{"href":"https:\/\/cervezas1906.es\/imperfectxs\/wp-json\/wp\/v2\/pages\/621","targetHints":{"allow":["GET"]}}],"collection":[{"href":"https:\/\/cervezas1906.es\/imperfectxs\/wp-json\/wp\/v2\/pages"}],"about":[{"href":"https:\/\/cervezas1906.es\/imperfectxs\/wp-json\/wp\/v2\/types\/page"}],"author":[{"embeddable":true,"href":"https:\/\/cervezas1906.es\/imperfectxs\/wp-json\/wp\/v2\/users\/1"}],"replies":[{"embeddable":true,"href":"https:\/\/cervezas1906.es\/imperfectxs\/wp-json\/wp\/v2\/comments?post=621"}],"version-history":[{"count":4,"href":"https:\/\/cervezas1906.es\/imperfectxs\/wp-json\/wp\/v2\/pages\/621\/revisions"}],"predecessor-version":[{"id":2702,"href":"https:\/\/cervezas1906.es\/imperfectxs\/wp-json\/wp\/v2\/pages\/621\/revisions\/2702"}],"wp:attachment":[{"href":"https:\/\/cervezas1906.es\/imperfectxs\/wp-json\/wp\/v2\/media?parent=621"}],"curies":[{"name":"wp","href":"https:\/\/api.w.org\/{rel}","templated":true}]}}